{"id":93,"date":"2017-05-22T21:57:55","date_gmt":"2017-05-22T19:57:55","guid":{"rendered":"http:\/\/www.galilo.net\/ericgueguen\/?page_id=93"},"modified":"2017-05-23T16:27:32","modified_gmt":"2017-05-23T14:27:32","slug":"mentions-legales","status":"publish","type":"page","link":"https:\/\/www.galilo.net\/ericgueguen\/mentions-legales\/","title":{"rendered":"Mentions l\u00e9gales"},"content":{"rendered":"<p>Eric Gu\u00e9guen<br \/>\n38 rue Demidoff<br \/>\n76600 Le Havre<\/p>\n<p>Micro-Entrepreneur<br \/>\nN\u00b0 Siret : 80738988700017<br \/>\n06 09 93 62 83 \/ <a href=\"http:\/\/www.galilo.net\/ericgueguen\/contact\/\" target=\"_blank\" rel=\"noopener noreferrer\">contact[@]galilo.net<\/a><\/p>\n<p>H\u00e9bergement :<br \/>\n<a href=\"http:\/\/www.amen.fr\" target=\"_blank\" rel=\"noopener noreferrer\">www.amen.fr<\/a><br \/>\n12-14 Rond Point des Champs Elys\u00e9es<br \/>\n75008 Paris (France)<br \/>\nt\u00e9l : 0811 88 77 66<\/p>\n","protected":false},"excerpt":{"rendered":"<p>Eric Gu\u00e9guen 38 rue Demidoff 76600 Le Havre Micro-Entrepreneur N\u00b0 Siret : 80738988700017 06 09 93 62 83 \/ contact[@]galilo.net H\u00e9bergement : www.amen.fr 12-14 Rond Point des Champs Elys\u00e9es 75008 Paris (France) t\u00e9l : 0811 88 77 66<\/p>\n","protected":false},"author":1,"featured_media":0,"parent":0,"menu_order":0,"comment_status":"closed","ping_status":"closed","template":"","meta":{"jetpack_post_was_ever_published":false,"footnotes":""},"class_list":["post-93","page","type-page","status-publish","hentry"],"jetpack_shortlink":"https:\/\/wp.me\/P8Kakz-1v","jetpack_sharing_enabled":true,"_links":{"self":[{"href":"https:\/\/www.galilo.net\/ericgueguen\/wp-json\/wp\/v2\/pages\/93","targetHints":{"allow":["GET"]}}],"collection":[{"href":"https:\/\/www.galilo.net\/ericgueguen\/wp-json\/wp\/v2\/pages"}],"about":[{"href":"https:\/\/www.galilo.net\/ericgueguen\/wp-json\/wp\/v2\/types\/page"}],"author":[{"embeddable":true,"href":"https:\/\/www.galilo.net\/ericgueguen\/wp-json\/wp\/v2\/users\/1"}],"replies":[{"embeddable":true,"href":"https:\/\/www.galilo.net\/ericgueguen\/wp-json\/wp\/v2\/comments?post=93"}],"version-history":[{"count":5,"href":"https:\/\/www.galilo.net\/ericgueguen\/wp-json\/wp\/v2\/pages\/93\/revisions"}],"predecessor-version":[{"id":107,"href":"https:\/\/www.galilo.net\/ericgueguen\/wp-json\/wp\/v2\/pages\/93\/revisions\/107"}],"wp:attachment":[{"href":"https:\/\/www.galilo.net\/ericgueguen\/wp-json\/wp\/v2\/media?parent=93"}],"curies":[{"name":"wp","href":"https:\/\/api.w.org\/{rel}","templated":true}]}}