{"id":6,"date":"2017-05-12T16:02:06","date_gmt":"2017-05-12T14:02:06","guid":{"rendered":"http:\/\/www.galilo.net\/ericgueguen\/?page_id=6"},"modified":"2022-01-08T16:11:15","modified_gmt":"2022-01-08T15:11:15","slug":"cartographie","status":"publish","type":"page","link":"https:\/\/www.galilo.net\/ericgueguen\/","title":{"rendered":"\/\/ Eric Gu\u00e9guen"},"content":{"rendered":"<h1># Sp\u00e9cialiste en Information-Communication num\u00e9rique<\/h1>\n<div id=\"intro2\">\n<p>La \u00ab r\u00e9volution de l\u2019information num\u00e9rique \u00bb ne doit pas se cantonner \u00e0 une expression \u00e0 la mode. Derri\u00e8re cette formule se cachent des enjeux essentiels pour \u00eatre comp\u00e9titif et assurer votre d\u00e9veloppement : gestion des flux d\u2019informations, traitement des donn\u00e9es, communication num\u00e9rique.<\/p>\n<p>Pour r\u00e9pondre \u00e0 ces d\u00e9fis, d\u00e9couvrez sur cette page les comp\u00e9tences et les champs d\u2019intervention que je peux mettre au service de votre organisation.<\/p>\n<\/div>\n<div class=\"cartographie\" style=\"width: 96%; padding: 2%; margin-bottom: 10px; border: 0px; text-align: center; vertical-align: center;\">\n<p><img decoding=\"async\" style=\"margin-bottom: 10px; border: 0px; text-align: center; vertical-align: center;\" title=\"Eric Gu\u00e9guen - Comp\u00e9tences, M\u00e9tiers, Formation\" src=\"http:\/\/www.galilo.net\/cartographie\/index.html_files\/\/image.png\" alt=\"Eric Gu\u00e9guen - Comp\u00e9tences, M\u00e9tiers, Formation\" usemap=\"#Map\" \/><\/p>\n<map id=\"Map\" name=\"Map\">\n<area coords=\"607,103,823,131\" shape=\"rect\" href=\"#infonum\" \/>\n<area coords=\"840,6,960,75\" shape=\"rect\" href=\"#conseil\" \/>\n<area coords=\"848,80,1090,142\" shape=\"rect\" href=\"#internet\" \/>\n<area coords=\"850,146,1144,238\" shape=\"rect\" href=\"#informatique\" \/>\n<area coords=\"606,346,877,376\" shape=\"rect\" href=\"#infocom\" \/>\n<area coords=\"895,240,1182,328\" shape=\"rect\" href=\"#web\" \/>\n<area coords=\"904,330,1200,399\" shape=\"rect\" href=\"#documentation\" \/>\n<area coords=\"905,404,1049,443\" shape=\"rect\" href=\"#veille\" \/>\n<area coords=\"903,449,1075,490\" shape=\"rect\" href=\"#edition\" \/>\n<area coords=\"608,570,857,601\" shape=\"rect\" href=\"#enseignement\" \/>\n<area coords=\"865,496,1204,678\" shape=\"rect\" href=\"#enseignement\" \/>\n<area coords=\"219,243,409,270\" shape=\"rect\" href=\"#webmaster\" \/>\n<area coords=\"191,274,410,301\" shape=\"rect\" href=\"#enseignant\" \/>\n<area coords=\"300,306,408,331\" shape=\"rect\" href=\"#consultant\" \/>\n<area coords=\"308,336,411,354\" shape=\"rect\" href=\"#documentaliste\" \/>\n<area coords=\"4,436,409,464\" shape=\"rect\" href=\"#master\" \/>\n<area coords=\"217,470,408,488\" shape=\"rect\" href=\"#dut\" \/> <\/map>\n<\/div>\n<div id=\"competences\">\n<h2>Comp\u00e9tences<\/h2>\n<h3 id=\"infonum\">Information num\u00e9rique<\/h3>\n<h4 id=\"conseil\">Conseil<\/h4>\n<ul>\n<li>Ing\u00e9nierie de l&rsquo;information num\u00e9rique<\/li>\n<li>Etudes et analyses<\/li>\n<li>Communication num\u00e9rique<\/li>\n<li>Big-data \/ Open-data <em>(audit)<\/em><\/li>\n<li>Cahier des charges<\/li>\n<li><em>(Voir aussi : <a href=\"http:\/\/www.galilo.net\" target=\"_blank\" rel=\"noopener noreferrer\">www.galilo.net<\/a> , Conseil en information et strat\u00e9gie num\u00e9rique)<\/em><\/li>\n<\/ul>\n<h4 id=\"internet\">Internet \/ Intranet<\/h4>\n<ul>\n<li>Interventions sur la r\u00e9alisation l&rsquo;organisation et la gestion de sites web <em>(HTML\/CSS, responsive design, SEO,&#8230; )<\/em><\/li>\n<li>Outils collaboratifs <em>(installation de cloud priv\u00e9, groupware, workflow, logiciels libres)<\/em><\/li>\n<li>Int\u00e9gration de CMS, <strong>sp\u00e9cialisation \/ int\u00e9grateur WordPress<\/strong><\/li>\n<li>Int\u00e9gration de LMS \/ FOAD, enseignement \u00e0 distance, <strong>int\u00e9grateur Moodle<\/strong> <em>(voir aussi la plateforme <a href=\"http:\/\/formation.galilo.info\" target=\"_blank\" rel=\"noopener\">Galilo Formation<\/a>) <\/em><\/li>\n<\/ul>\n<h4 id=\"informatique\">Informatique<\/h4>\n<ul>\n<li>Administration syst\u00e8me PME, TPO (Windows server, NAS)<\/li>\n<li>Administration r\u00e9seau PME, TPO (VPS, Cloud, VPN)<\/li>\n<li>Installation, administration de serveurs h\u00e9berg\u00e9s (Windows, Linux, Plesk)<\/li>\n<li>R\u00e9cup\u00e9ration de donn\u00e9es<\/li>\n<\/ul>\n<h3 id=\"infocom\">Information-Communication<\/h3>\n<h4 id=\"web\">D\u00e9veloppement de contenus num\u00e9riques<\/h4>\n<ul>\n<li>Webmaster<\/li>\n<li>R\u00e9daction web<\/li>\n<li>Community management<\/li>\n<li>Gestion de l&rsquo;identit\u00e9 num\u00e9rique<\/li>\n<\/ul>\n<h4 id=\"documentation\">Documentation<\/h4>\n<ul>\n<li>Gestion de bases de donn\u00e9es<\/li>\n<li>Gestion de fonds documentaire<\/li>\n<li>Informatique documentaire <em>(SIGB, Open source)<\/em><\/li>\n<\/ul>\n<h4 id=\"veille\">Veille<\/h4>\n<ul>\n<li>Veille documentaire<\/li>\n<li>Veille strat\u00e9gique<\/li>\n<li>Mise en place d&rsquo;outils sp\u00e9cialis\u00e9s<\/li>\n<\/ul>\n<h4 id=\"edition\">Edition<\/h4>\n<ul>\n<li>Auteur du <a href=\"http:\/\/www.editionsklog.com\/product\/Guide-pratique-des-medias-sociaux-a-lusage-des-bibliotheques-et-centres-de-documentation\" target=\"_blank\" rel=\"noopener noreferrer\">Guide pratique des m\u00e9dias sociaux \u00e0 l&rsquo;usage des biblioth\u00e8ques et centres de documentation<\/a><\/li>\n<\/ul>\n<h3 id=\"enseignement\">Enseignement &#8211; Formation<\/h3>\n<ul>\n<li>Outils de communication num\u00e9rique<\/li>\n<li>M\u00e9dias et information <em>(cours et ateliers de culture g\u00e9n\u00e9rale sur l&rsquo;actualit\u00e9)<\/em><\/li>\n<li>Informatique et r\u00e9seaux <em>(initiation aux r\u00e9seaux, installation et administration de serveurs)<\/em><\/li>\n<li>Travail collaboratif <em>(cours et ateliers sur l&rsquo;utilisation et l&rsquo;administration des outils de communication num\u00e9rique, CMS, Cloud,&#8230;)<\/em><\/li>\n<li>Projet personnel et professionnel <em>(suivi individualis\u00e9 de stagiaires ou \u00e9tudiants)<\/em><\/li>\n<li>Direction des \u00e9tudes <em>(organisation et mise en \u0153uvre d&rsquo;un programme p\u00e9dagogique)<\/em><\/li>\n<li>Recrutement \/ Conseil orientation <em>Admission Post Bac (APB)<\/em><\/li>\n<li>Stages<\/li>\n<li>Animation d&rsquo;ateliers et journ\u00e9es d&rsquo;\u00e9tudes <em>(voir aussi :\u00a0\u00a0<a href=\"http:\/\/www.galilo.net\/qui-sommes-nous\/\" target=\"_blank\" rel=\"noopener noreferrer\">www.galilo.net<\/a>, Conseil en information et strat\u00e9gie num\u00e9rique)<\/em><\/li>\n<li>Formation \u00e0 distance, e-learning <em>(voir aussi : <a href=\"http:\/\/formation.galilo.info\" target=\"_blank\" rel=\"noopener\">Galilo Formation<\/a>, plateforme de formation en information num\u00e9rique) <\/em><\/li>\n<\/ul>\n<\/div>\n<div id=\"metiers\">\n<h2 id=\"webmaster\">M\u00e9tier(s)<\/h2>\n<h3 id=\"consultant\">Consultant<\/h3>\n<p>Depuis 2014, je propose aux entreprises des prestations personnalis\u00e9es li\u00e9es au management de l&rsquo;information num\u00e9rique. <em>(Voir : \u00a0<a href=\"http:\/\/www.galilo.net\" target=\"_blank\" rel=\"noopener noreferrer\">www.galilo.net<\/a> , Conseil en information et strat\u00e9gie num\u00e9rique)<\/em><\/p>\n<h3>Webmaster \u00e9ditorial<\/h3>\n<p>2012-2022 &#8211; Webmaster \u00e9ditorial de l&rsquo;<a href=\"http:\/\/www.aivp.org\" target=\"_blank\" rel=\"noopener noreferrer\">AIVP &#8211; Le r\u00e9seau mondial des villes portuaires<\/a><\/p>\n<ul>\n<li>gestion de la plateforme web, mise en forme \u00e9ditoriale,<\/li>\n<li>animation des m\u00e9dias sociaux (community management),<\/li>\n<li>gestion et administration des serveurs et du r\u00e9seau informatique.<\/li>\n<\/ul>\n<h3 id=\"enseignant\">Enseignant \/ Formateur<\/h3>\n<p>1994-2022 &#8211; <strong>Enseignant en sciences de l\u2019information<\/strong> au sein du <a href=\"https:\/\/www-iut.univ-lehavre.fr\/infocom\" target=\"_blank\" rel=\"noopener noreferrer\">D\u00e9partement Information-Communication de l&rsquo;Institut Universitaire de Technologie du Havre (IUT)<\/a>.\u00a0Directeur des \u00e9tudes du D\u00e9partement (2004-2010).<\/p>\n<ul style=\"padding-left: 30px;\">\n<li>Membre du groupe pour l&rsquo;\u00e9laboration du Programme p\u00e9dagogique national du <a href=\"http:\/\/cache.media.enseignementsup-recherche.gouv.fr\/file\/30\/15\/0\/Infocom_262150.pdf\" target=\"_blank\" rel=\"noopener noreferrer\">DUT Information-Communication, option Information num\u00e9rique dans les organisations<\/a><\/li>\n<\/ul>\n<p>2012\u00a0&#8211; Enseignements assur\u00e9s aupr\u00e8s de l&rsquo;<a href=\"http:\/\/www.ecole-management-normandie.fr\/\" target=\"_blank\" rel=\"noopener noreferrer\">Ecole de Management de Normandie<\/a> dans la fili\u00e8re Bachelor Marketing et Affaires internationales.<\/p>\n<h3 id=\"documentaliste\">Documentaliste<\/h3>\n<p>1991-2011\u00a0&#8211; Documentaliste de l&rsquo;<a href=\"http:\/\/www.aivp.org\" target=\"_blank\" rel=\"noopener noreferrer\">AIVP &#8211; Le r\u00e9seau mondial des villes portuaires<\/a><\/p>\n<ul>\n<li>cr\u00e9ation du service de ressources documentaires, constitution d&rsquo;un r\u00e9seau documentaire,<\/li>\n<li>d\u00e9veloppement et gestion d&rsquo;un fonds documentaire, pluridisciplinaire sp\u00e9cialis\u00e9, mise en place d&rsquo;une base de donn\u00e9es documentaire,<\/li>\n<li>publication d&rsquo;un bulletin documentaire, \u00e9dition d&rsquo;une collection d&rsquo;\u00e9tudes et de rapports de recherches,\u2026<\/li>\n<li>participation \u00e0 des r\u00e9seaux et bases de donn\u00e9es fran\u00e7aises et internationales,<\/li>\n<li>cr\u00e9ation du site Internet.<\/li>\n<\/ul>\n<\/div>\n<div id=\"formation\">\n<h2>Formation<\/h2>\n<h3 id=\"master\">Master 2\u00a0ing\u00e9nierie de l&rsquo;information num\u00e9rique<\/h3>\n<p><em>(Universit\u00e9 de Rouen, 2014)<\/em><\/p>\n<p>M\u00e9moire sur :<em> L&rsquo;impact des m\u00e9dias sociaux dans les biblioth\u00e8ques et centres de documentation : pratiques, usages, nouvelles m\u00e9diations<\/em><\/p>\n<h3 id=\"dut\">DUT Information-Communication, option documentation<\/h3>\n<p><em>(Institut Universitaire de Technologie de Tours, 1988)<\/em><\/p>\n<\/div>\n","protected":false},"excerpt":{"rendered":"<p># Sp\u00e9cialiste en Information-Communication num\u00e9rique La \u00ab r\u00e9volution de l\u2019information num\u00e9rique \u00bb ne doit pas se cantonner \u00e0 une expression \u00e0 la mode. Derri\u00e8re cette formule se cachent des enjeux essentiels pour \u00eatre comp\u00e9titif et assurer votre d\u00e9veloppement : gestion des flux d\u2019informations, traitement des donn\u00e9es, communication num\u00e9rique. Pour r\u00e9pondre \u00e0 ces d\u00e9fis, d\u00e9couvrez sur &hellip; <a href=\"https:\/\/www.galilo.net\/ericgueguen\/\" class=\"more-link\">Continuer la lecture de <span class=\"screen-reader-text\">\/\/ Eric Gu\u00e9guen<\/span>  <span class=\"meta-nav\">&rarr;<\/span><\/a><\/p>\n","protected":false},"author":1,"featured_media":0,"parent":0,"menu_order":0,"comment_status":"closed","ping_status":"closed","template":"page-templates\/full-width.php","meta":{"jetpack_post_was_ever_published":false,"footnotes":""},"class_list":["post-6","page","type-page","status-publish","hentry"],"jetpack_shortlink":"https:\/\/wp.me\/P8Kakz-6","jetpack_sharing_enabled":true,"_links":{"self":[{"href":"https:\/\/www.galilo.net\/ericgueguen\/wp-json\/wp\/v2\/pages\/6","targetHints":{"allow":["GET"]}}],"collection":[{"href":"https:\/\/www.galilo.net\/ericgueguen\/wp-json\/wp\/v2\/pages"}],"about":[{"href":"https:\/\/www.galilo.net\/ericgueguen\/wp-json\/wp\/v2\/types\/page"}],"author":[{"embeddable":true,"href":"https:\/\/www.galilo.net\/ericgueguen\/wp-json\/wp\/v2\/users\/1"}],"replies":[{"embeddable":true,"href":"https:\/\/www.galilo.net\/ericgueguen\/wp-json\/wp\/v2\/comments?post=6"}],"version-history":[{"count":134,"href":"https:\/\/www.galilo.net\/ericgueguen\/wp-json\/wp\/v2\/pages\/6\/revisions"}],"predecessor-version":[{"id":239,"href":"https:\/\/www.galilo.net\/ericgueguen\/wp-json\/wp\/v2\/pages\/6\/revisions\/239"}],"wp:attachment":[{"href":"https:\/\/www.galilo.net\/ericgueguen\/wp-json\/wp\/v2\/media?parent=6"}],"curies":[{"name":"wp","href":"https:\/\/api.w.org\/{rel}","templated":true}]}}